{"id":604,"date":"2018-03-12T16:31:11","date_gmt":"2018-03-12T20:31:11","guid":{"rendered":"http:\/\/www.unitedwaycentral.com\/?page_id=604\/"},"modified":"2022-01-12T15:35:48","modified_gmt":"2022-01-12T19:35:48","slug":"fonds-communautaire-de-nackawic-et-des-environs","status":"publish","type":"page","link":"https:\/\/www.unitedwaycentral.com\/fr\/fonds-communautaire-de-nackawic-et-des-environs\/","title":{"rendered":"Fonds communautaire de Nackawic et des environs"},"content":{"rendered":"<h3 style=\"text-align: center;\"><strong>Les processus d\u2019application pour 2022 pour le Fonds communautaire de Nackawic et des environs de Centraide <\/strong><strong>est maintenant ouvert<\/strong><\/h3>\n<h4 style=\"text-align: center;\">VEUILLEZ <strong><a href=\"https:\/\/www.unitedwaycentral.com\/nackawic-area-community-fund\/united-way-nackawic-area-community-fund_application_2022\/\" rel=\"attachment wp-att-1922\">CLIQUEZ ICI <\/a><\/strong>POUR L\u2019APPLICATION (en anglais seulement- s&rsquo;il vous pla\u00eet laissez-nous savoir si cela vous emp\u00eache de remplir la demande)<\/h4>\n<h4 style=\"text-align: center;\"><span style=\"color: #ff0000;\">Les candidatures doivent \u00eatre soumises au plus tard\u00a0<strong>le 28 f\u00e9vrier 2022.\u00a0<\/strong><\/span><\/h4>\n<p><span style=\"font-weight: 400;\">Nous avons cr\u00e9\u00e9 un partenariat avec les membres de la communaut\u00e9 de Nackawic et de ses environs afin d\u2019\u00e9tablir le Fonds communautaire de Nackawic. Notre objectif est d\u2019am\u00e9liorer la qualit\u00e9 de vie des membres de la communaut\u00e9 de Nackawic et de ses environs gr\u00e2ce aux investissements de fonds directs amass\u00e9s au sein m\u00eame de la communaut\u00e9. Le Fonds communautaire de Nackawic et des environs offre la possibilit\u00e9 aux membres soucieux et attentionn\u00e9s de la communaut\u00e9 de redonner \u00e0 cette m\u00eame communaut\u00e9 qui les a nourri. <\/span><\/p>\n<p><span style=\"font-weight: 400;\">Tous les investissements cadrent avec la mission de Centraide ainsi qu\u2019avec ses principes en mati\u00e8re d\u2019investissements et soutiennent le changement dans l\u2019un ou plusieurs des champs suivant :<\/span><\/p>\n<ul>\n<li><a href=\"http:\/\/www.unitedwaycentral.com\/fr\/strong-and-healthy-communities\/\"><span style=\"font-weight: 400;\">Sant\u00e9 des gens et des communaut\u00e9s<\/span><\/a><\/li>\n<li><a href=\"http:\/\/www.unitedwaycentral.com\/fr\/community-impact\/\"><span style=\"font-weight: 400;\">Faire passer les gens de pauvret\u00e9 \u00e0 possibilit\u00e9s<\/span><\/a><\/li>\n<li><a href=\"http:\/\/www.unitedwaycentral.com\/fr\/nous-aidons-les-enfants-a-sepanouir\/\"><span style=\"font-weight: 400;\">Soutenir la r\u00e9ussite des jeunes<\/span><\/a><\/li>\n<\/ul>\n<p>Un groupe de b\u00e9n\u00e9voles passionn\u00e9s souhaitant faire une diff\u00e9rence dans la communaut\u00e9 de Nackawic l\u00e8ve des fonds et engage les gens de la r\u00e9gion de Nackawic tout en assurant que les dons amass\u00e9s soient utilis\u00e9s localement. Ils permettent par ailleurs \u00e0 Centraide de soutenir davantage d\u2019organismes locaux.<\/p>\n<p><span style=\"font-weight: 400;\">Si vous souhaitez contribuer au Fonds communautaire de Nackawic et des environs, visitez notre <a href=\"http:\/\/www.unitedwaycentral.com\/fr\/donner\/\">page de dons<\/a> et s\u00e9lectionnez Nackawic et les environs sous la rubrique \u00ab Fonds \u00bb.<\/span><\/p>\n<p>La ronde inaugurale d\u2019investissements du printemps 2018 va soutenir l\u2019initiative Feed the Hawks du Comit\u00e9 sur le mieux-\u00eatre de Nackawic et des environs, le centre interactif d\u2019apprentissage pour jeunes enfants de la biblioth\u00e8que publique de Nackawic, la nouvelle initiative de serre de la Nackawic Middle School et enfin, des programmes en d\u00e9veloppement de leadership de la Nackawic Senior High School.<\/p>\n<h3><strong>Crit\u00e8res de financement<\/strong><strong>\u00a0<\/strong><\/h3>\n<p><strong>Nos d\u00e9cisions en mati\u00e8re d\u2019investissement se font \u00e0 l\u2019int\u00e9rieur du cadre des crit\u00e8res suivants\u00a0:<\/strong><\/p>\n<ul>\n<li>En phase avec le domaine d\u2019intervention de Centraide<\/li>\n<li>R\u00e9pond \u00e0 des changements de politiques ainsi qu\u2019\u00e0 des changements syst\u00e9miques et institutionnels<\/li>\n<li>R\u00e9pond aux besoins de la communaut\u00e9<\/li>\n<li>Fait preuve d\u2019une efficacit\u00e9 \u00e9prouv\u00e9e<\/li>\n<li>R\u00e9pond aux probl\u00e8mes sociaux en s\u2019attaquant \u00e0 la racine<\/li>\n<li>A le soutien de la communaut\u00e9<\/li>\n<li>D\u00e9montre des r\u00e9sultats<\/li>\n<li>Fait preuve d\u2019excellence en mati\u00e8re de performance et de leadership<\/li>\n<li>Fait preuve d\u2019une gouvernance forte<\/li>\n<\/ul>\n<p><strong>Centraide n\u2019investit pas dans les contextes suivants\u00a0:<\/strong><\/p>\n<ul>\n<li>Organisme de bienfaisance sans num\u00e9ro enregistr\u00e9<\/li>\n<li>Organisme \u00e0 but lucratif<\/li>\n<li>Activit\u00e9s de nature politique ou religieuse<\/li>\n<li>Organismes qui n\u2019op\u00e8rent pas dans la r\u00e9gion du Centre du Nouveau-Brunswick<\/li>\n<li>Les individus<\/li>\n<li>Initiatives de lev\u00e9es de fonds<\/li>\n<li>Lev\u00e9e de fonds d\u00e9ficitair<\/li>\n<\/ul>\n<h4 style=\"text-align: center;\"><strong>Les processus d\u2019application pour 2022 pour le Fonds communautaire de Nackawic et des environs de Centraide <\/strong><strong>est maintenant ouvert<\/strong><\/h4>\n<h3 style=\"text-align: center;\">VEUILLEZ <strong><a href=\"https:\/\/www.unitedwaycentral.com\/nackawic-area-community-fund\/united-way-nackawic-area-community-fund_application_2022\/\" rel=\"attachment wp-att-1922\">CLIQUEZ ICI <\/a><\/strong>POUR L\u2019APPLICATION (en anglais seulement- s&rsquo;il vous pla\u00eet laissez-nous savoir si cela vous emp\u00eache de remplir la demande)<\/h3>\n<h3 style=\"text-align: center;\"><span style=\"color: #ff0000;\">Les candidatures doivent \u00eatre soumises au plus tard\u00a0<strong>le 28 f\u00e9vrier 2022.\u00a0<\/strong><\/span><\/h3>\n<p>Si vous avez des questions ou avez besoin de plus d\u2019informations, contactez Peter Cullen \u00e0 <a href=\"mailto:peter@unitedwaycentral.com\">peter@unitedwaycentral.com<\/a>\u00a0 ou 506-459-7773 x204<\/p>\n<p>Ressources additionnelles:: <a href=\"https:\/\/www.unitedwaycentral.com\/nackawic-area-community-fund\/defining-the-uw-investment-areas\/\" rel=\"attachment wp-att-1921\">Defining the UW Investment Areas<\/a><\/p>\n","protected":false},"excerpt":{"rendered":"Les processus d\u2019application pour 2022 pour le Fonds communautaire de Nackawic et des environs de Centraide est maintenant ouvert VEUILLEZ CLIQUEZ ICI POUR L\u2019APPLICATION (en anglais seulement- s&rsquo;il vous pla\u00eet laissez-nous savoir si cela vous emp\u00eache de remplir la demande) Les candidatures doivent \u00eatre soumises au plus tard\u00a0le 28 f\u00e9vrier 2022.\u00a0 Nous avons cr\u00e9\u00e9 un&#8230; <\/p><a class=\"btn btn-brdr-red view-article\" href=\"https:\/\/www.unitedwaycentral.com\/fr\/fonds-communautaire-de-nackawic-et-des-environs\/\">Read More<\/a>","protected":false},"author":1,"featured_media":600,"parent":0,"menu_order":0,"comment_status":"closed","ping_status":"closed","template":"","meta":{"_monsterinsights_skip_tracking":false,"_monsterinsights_sitenote_active":false,"_monsterinsights_sitenote_note":"","_monsterinsights_sitenote_category":0,"footnotes":""},"class_list":["post-604","page","type-page","status-publish","has-post-thumbnail","hentry"],"_links":{"self":[{"href":"https:\/\/www.unitedwaycentral.com\/fr\/wp-json\/wp\/v2\/pages\/604","targetHints":{"allow":["GET"]}}],"collection":[{"href":"https:\/\/www.unitedwaycentral.com\/fr\/wp-json\/wp\/v2\/pages"}],"about":[{"href":"https:\/\/www.unitedwaycentral.com\/fr\/wp-json\/wp\/v2\/types\/page"}],"author":[{"embeddable":true,"href":"https:\/\/www.unitedwaycentral.com\/fr\/wp-json\/wp\/v2\/users\/1"}],"replies":[{"embeddable":true,"href":"https:\/\/www.unitedwaycentral.com\/fr\/wp-json\/wp\/v2\/comments?post=604"}],"version-history":[{"count":0,"href":"https:\/\/www.unitedwaycentral.com\/fr\/wp-json\/wp\/v2\/pages\/604\/revisions"}],"wp:featuredmedia":[{"embeddable":true,"href":"https:\/\/www.unitedwaycentral.com\/fr\/wp-json\/wp\/v2\/media\/600"}],"wp:attachment":[{"href":"https:\/\/www.unitedwaycentral.com\/fr\/wp-json\/wp\/v2\/media?parent=604"}],"curies":[{"name":"wp","href":"https:\/\/api.w.org\/{rel}","templated":true}]}}