{"id":255,"date":"2017-10-19T08:33:33","date_gmt":"2017-10-19T12:33:33","guid":{"rendered":"http:\/\/unitedwaycnb.wpengine.com\/?page_id=255"},"modified":"2017-11-30T15:23:20","modified_gmt":"2017-11-30T19:23:20","slug":"get-involved","status":"publish","type":"page","link":"https:\/\/www.unitedwaycentral.com\/fr\/get-involved\/","title":{"rendered":"Impliqu\u00e9-vous"},"content":{"rendered":"<h2><strong>Sois b\u00e9n\u00e9vole chez Centraide<\/strong><\/h2>\n<p><span style=\"font-weight: 400;\">Centraide du centre du Nouveau-Brunswick d\u00e9pend de l\u2019engagement de centaines de b\u00e9n\u00e9voles qui contribuent d\u2019une multitude de fa\u00e7ons \u00e0 nous aider \u00e0 atteindre nos buts. Nous sommes toujours \u00e0 la recherche de b\u00e9n\u00e9voles pour nous assister dans nos activit\u00e9s de campagne, dans des t\u00e2ches \u00e0 l\u2019interne, aux \u00e9v\u00e9nements et aupr\u00e8s de nos agences partenaires. <\/span><\/p>\n<p><span style=\"font-weight: 400;\">Nous identifierons les opportunit\u00e9s de b\u00e9n\u00e9volat dans notre communaut\u00e9 en lien avec vos comp\u00e9tences, votre disponibilit\u00e9 et vos int\u00e9r\u00eats et ce, afin de vous offrir une exp\u00e9rience de b\u00e9n\u00e9volat r\u00e9ellement significative et valorisante. <\/span><\/p>\n<p><span style=\"font-weight: 400;\">Si le b\u00e9n\u00e9volat aupr\u00e8s de Centraide vous int\u00e9resse, veuillez communiquer avec Roxana Atkinson, directrice d\u2019Impact communautaire au (506) 459-7773 poste 204, ou \u00e0 l\u2019adresse <\/span><a href=\"mailto:roxana@unitedwaycentral.com\" target=\"_blank\" rel=\"noopener\"><span style=\"font-weight: 400;\">roxana@unitedwaycentral.com<\/span><\/a><\/p>\n<h2>Comit\u00e9 d\u2019impact \u00e9tudiant<\/h2>\n<p>Centraide du centre du Nouveau-Brunswick offre aux \u00e9tudiants la chance de faire une diff\u00e9rence dans leur communaut\u00e9. Le Comit\u00e9 d\u2019impact \u00e9tudiant de Centraide prend un r\u00f4le de leader en promouvant des fonds qui sont disponibles \u00e0 l\u2019investissement communautaire et en invitant les groupes communautaires et les organismes \u00e0 soumettre des demandes de subventions. Les membres du Comit\u00e9 d\u2019impact \u00e9tudiant de Centraide \u00e9valuent les demandes soumises, passent directement en entrevue les candidats au sujet de leur id\u00e9e de projet et d\u00e9cident en tant que comit\u00e9 o\u00f9 peuvent se faire les meilleurs investissements communautaires. Les \u00e9tudiants font alors du b\u00e9n\u00e9volat avec les groupes communautaires et organismes subventionn\u00e9s tout en promouvant et en saisissant le succ\u00e8s en cours de route.<\/p>\n<h1>Buts et objectifs<\/h1>\n<p>Chez Centraide, nous investissons pour obtenir le meilleur impact. Le comit\u00e9 d\u2019impact \u00e9tudiant est un programme visant \u00e0 offrir aux \u00e9tudiants du secondaire la chance d\u2019investir dans des programmes locaux qui font une diff\u00e9rence. Les \u00e9tudiants travaillent en collaboration durant l\u2019ann\u00e9e \u00e0 explorer des m\u00e9thodes cr\u00e9atives d\u2019impliquer des agences locales et leur communaut\u00e9 scolaire. Les \u00e9tudiants apprennent de nouvelles comp\u00e9tences dans les domaines du travail d\u2019\u00e9quipe, de la gestion de temps, de la gestion de subventions, de la communication, du sens de la pens\u00e9e critique, de l\u2019engagement et du b\u00e9n\u00e9volat et dans l\u2019art de s\u2019exprimer devant un public. Les \u00e9tudiants qui participent au Comit\u00e9 d\u2019impact \u00e9tudiant b\u00e9n\u00e9ficient \u00e9galement du mentorat de leur directeur d\u2019Impact communautaire local, de leur liaison Centraide \u00e9cole ainsi que de nos partenaires caritatifs locaux et des possibilit\u00e9s de b\u00e9n\u00e9volat.<\/p>\n<h1>Les \u00e9tudiants participant \u00e0 ce comit\u00e9 vont<\/h1>\n<ol>\n<li>Se rencontrer r\u00e9guli\u00e8rement afin d\u2019identifier et de discuter des besoins dans leur communaut\u00e9<\/li>\n<li>Coordonner un mini processus de subventions avec des fonds provenant de Centraide du centre du N.-B.<\/li>\n<li>Inviter les organismes communautaires \u00e0 soumettre une demande de financement<\/li>\n<li>\u00c9valuer les demandes de financement et d\u00e9terminer o\u00f9 peuvent \u00eatre faits les meilleurs investissements<\/li>\n<li>S\u2019impliquer \u00e0 la mise en \u0153uvre du projet et faire du b\u00e9n\u00e9volat<\/li>\n<li>Promouvoir la participation \u00e9tudiante<\/li>\n<li>Saisir, communiquer et c\u00e9l\u00e9brer le succ\u00e8s<\/li>\n<\/ol>\n<p>Des Comit\u00e9s d\u2019impact \u00e9tudiant sont \u00e9tablis dans Cambridge-Narrows, Boiestown\/Doaktown, Chipman, Harvey, McAdam and Stanley et Oromocto.<\/p>\n<p>Pour de plus amples renseignements, veuillez communiquer avec Roxana Atkinson, directrice d\u2019Impact communautaire \u00e0 l\u2019adresse <a href=\"mailto:roxana@unitedwaycentral.com\" target=\"_blank\" rel=\"noopener\">roxana@unitedwaycentral.com<\/a><\/p>\n<h2>\u00c9tudiant Centraide<\/h2>\n<h1>Qu\u2019est-ce qu\u2019\u00c9tudiant Centraide?<\/h1>\n<p>\u00c9tudiant Centraide est un programme Centraide men\u00e9 par les \u00e9tudiants dans des campus coll\u00e9giaux et universitaires; tra\u00e7ant le pont entre les campus et la communaut\u00e9 et autonomisant les jeunes \u00e0 am\u00e9liorer leurs communaut\u00e9s locales en donnant, en agissant et en faisant du b\u00e9n\u00e9volat. \u00c9tudiant Centraide offre aux \u00e9tudiants de l\u2019Universit\u00e9 du Nouveau-Brunswick et de l\u2019Universit\u00e9 St. Thomas des opportunit\u00e9s r\u00e9guli\u00e8res de b\u00e9n\u00e9volat aupr\u00e8s de Centraide et de ses agences partenaires.<\/p>\n<h1>\u00c0 quelle fr\u00e9quence nous rencontrons-nous?<\/h1>\n<p>Nous nous rencontrons en groupe une fois par mois afin de discuter des possibilit\u00e9s de b\u00e9n\u00e9volat dans notre communaut\u00e9. Le b\u00e9n\u00e9volat que les \u00e9tudiants font par la suite se fait sur leur propre temps, \u00e0 leur convenance.<\/p>\n<h1>Attentes<\/h1>\n<p>Il est attendu des \u00e9tudiants qu\u2019ils fassent du b\u00e9n\u00e9volat lorsqu\u2019ils en sont capables. Les \u00e9tudiants qui font du b\u00e9n\u00e9volat au moins une fois par mois aupr\u00e8s de Centraide ou d\u2019une de nos agences partenaires recevront un certificat \u00c9tudiant Centraide \u00e0 la fin de l\u2019ann\u00e9e. Les \u00e9tudiants sont encourag\u00e9s \u00e0 participer aux rencontres d\u2019\u00c9tudiant Centraide sur une base r\u00e9guli\u00e8re.<\/p>\n<p>Les Pr\u00e9sidents et les membres du conseil d\u2019administration d\u2019\u00c9l\u00e8ve Centraide sont \u00e9lus annuellement afin d\u2019aider au bon roulement d\u2019\u00c9l\u00e8ve Centraide. Les pr\u00e9sidents de cette ann\u00e9e sont Abby Dolan pour UNB et Kayla Doody pour STU. C\u2019est une belle occasion et nous sommes heureux de guider les \u00e9tudiants int\u00e9ress\u00e9s dans le processus.<\/p>\n<h1>Avantages pour les \u00e9tudiants<\/h1>\n<ul>\n<li>Cr\u00e9er un lien avec la communaut\u00e9<\/li>\n<li>S\u2019amuser et avoir la chance de rencontrer d\u2019autres \u00e9tudiants<\/li>\n<li>Gr\u00e2ce \u00e0 l\u2019apprentissage r\u00e9sultant de l\u2019exp\u00e9rience, les \u00e9tudiants d\u00e9velopperont des habilet\u00e9s et vivront des exp\u00e9riences dont ils vont b\u00e9n\u00e9ficier sur les plans personnel et acad\u00e9mique ainsi que dans leur vie professionnelle et dans leurs exp\u00e9riences avec le b\u00e9n\u00e9volat<\/li>\n<li>Sois membre du tout premier \u00c9tudiant Centraide au Canada et joins-toi au mouvement Centraide mondial.<\/li>\n<\/ul>\n<p>&nbsp;<\/p>\n<p>Pour en apprendre davantage sur ce que devenir membre repr\u00e9sente ou si votre organisme est \u00e0 la recherche de b\u00e9n\u00e9voles talentueux et dynamiques, veuillez contacter Roxana Atkinson, Directrice d\u2019Impact communautaire au (506) 459-7773 poste 204 ou \u00e0 l\u2019adresse <a href=\"mailto:roxana@unitedwaycentral.com\" target=\"_blank\" rel=\"noopener\">roxana@unitedwaycentral.com<\/a><\/p>\n","protected":false},"excerpt":{"rendered":"Sois b\u00e9n\u00e9vole chez Centraide Centraide du centre du Nouveau-Brunswick d\u00e9pend de l\u2019engagement de centaines de b\u00e9n\u00e9voles qui contribuent d\u2019une multitude de fa\u00e7ons \u00e0 nous aider \u00e0 atteindre nos buts. Nous sommes toujours \u00e0 la recherche de b\u00e9n\u00e9voles pour nous assister dans nos activit\u00e9s de campagne, dans des t\u00e2ches \u00e0 l\u2019interne, aux \u00e9v\u00e9nements et aupr\u00e8s de&#8230; <\/p><a class=\"btn btn-brdr-red view-article\" href=\"https:\/\/www.unitedwaycentral.com\/fr\/get-involved\/\">Read More<\/a>","protected":false},"author":1,"featured_media":216,"parent":0,"menu_order":0,"comment_status":"closed","ping_status":"closed","template":"","meta":{"_monsterinsights_skip_tracking":false,"_monsterinsights_sitenote_active":false,"_monsterinsights_sitenote_note":"","_monsterinsights_sitenote_category":0,"footnotes":""},"class_list":["post-255","page","type-page","status-publish","has-post-thumbnail","hentry"],"_links":{"self":[{"href":"https:\/\/www.unitedwaycentral.com\/fr\/wp-json\/wp\/v2\/pages\/255","targetHints":{"allow":["GET"]}}],"collection":[{"href":"https:\/\/www.unitedwaycentral.com\/fr\/wp-json\/wp\/v2\/pages"}],"about":[{"href":"https:\/\/www.unitedwaycentral.com\/fr\/wp-json\/wp\/v2\/types\/page"}],"author":[{"embeddable":true,"href":"https:\/\/www.unitedwaycentral.com\/fr\/wp-json\/wp\/v2\/users\/1"}],"replies":[{"embeddable":true,"href":"https:\/\/www.unitedwaycentral.com\/fr\/wp-json\/wp\/v2\/comments?post=255"}],"version-history":[{"count":0,"href":"https:\/\/www.unitedwaycentral.com\/fr\/wp-json\/wp\/v2\/pages\/255\/revisions"}],"wp:featuredmedia":[{"embeddable":true,"href":"https:\/\/www.unitedwaycentral.com\/fr\/wp-json\/wp\/v2\/media\/216"}],"wp:attachment":[{"href":"https:\/\/www.unitedwaycentral.com\/fr\/wp-json\/wp\/v2\/media?parent=255"}],"curies":[{"name":"wp","href":"https:\/\/api.w.org\/{rel}","templated":true}]}}