{"id":250,"date":"2017-10-17T15:21:18","date_gmt":"2017-10-17T19:21:18","guid":{"rendered":"http:\/\/unitedwaycnb.wpengine.com\/individual-giftsgiving\/"},"modified":"2017-12-19T15:46:45","modified_gmt":"2017-12-19T19:46:45","slug":"individual-giftsgiving","status":"publish","type":"page","link":"https:\/\/www.unitedwaycentral.com\/fr\/individual-giftsgiving\/","title":{"rendered":"Dons individuels"},"content":{"rendered":"<p><span style=\"font-weight: 400;\">Vous \u00eates le point de d\u00e9part dans l\u2019am\u00e9lioration de la qualit\u00e9 de vie des gens et les possibilit\u00e9s de changer des vies sont infinies. C\u2019est sur la g\u00e9n\u00e9rosit\u00e9 des particuliers que Centraide compte pour am\u00e9liorer les communaut\u00e9s dans le centre du Nouveau-Brunswick par le biais du fonds communautaire de Centraide.<\/span><\/p>\n<h2><b>Contribution mensuelle<\/b><\/h2>\n<p><span style=\"font-weight: 400;\">Aussi petite qu\u2019elle soit, chaque contribution aide grandement \u00e0 rendre le centre du Nouveau-Brunswick plus solide et plus sain. Inscrivez-vous en ligne pour effectuer automatiquement un don mensuel et int\u00e9grer ce geste dans votre routine mensuelle.<\/span><\/p>\n<p><a href=\"http:\/\/www.unitedwaycentral.com\/fr\/donner\/\" target=\"_blank\" rel=\"noopener\"><span style=\"font-weight: 400;\">Donner<\/span><\/a><\/p>\n<h2><b>Offrir un don en cadeau<\/b><\/h2>\n<p><span style=\"font-weight: 400;\">Cette ann\u00e9e, pour les f\u00eates, offrez un don de reconnaissance. Nous vous donnons actuellement l\u2019occasion d\u2019envoyer un don au nom d\u2019amis ou de membres de la famille pour montrer combien vous tenez \u00e0 eux!<\/span><\/p>\n<p><a href=\"http:\/\/www.unitedwaycentral.com\/fr\/donner\/\" target=\"_blank\" rel=\"noopener\"><span style=\"font-weight: 400;\">Donner<\/span><\/a><\/p>\n<h2><b>Don de leadership<\/b><\/h2>\n<p><b>Qu\u2019est-ce qu\u2019un leader?<\/b><\/p>\n<p><span style=\"font-weight: 400;\">Un leader est une personne qui cr\u00e9\u00e9 des liens, agit et inspire les autres. <\/span><span style=\"font-weight: 400;\">\u00c0<\/span><span style=\"font-weight: 400;\"> Centraide de la r\u00e9gion du centre du Nouveau-Brunswick, les donateurs en leadership voient les personnes qui sont dans le besoin, ils leur tendent la main et le c\u0153ur avec des cadeaux g\u00e9n\u00e9reux.<\/span><\/p>\n<p><span style=\"font-weight: 400;\">Aliment\u00e9 par votre g\u00e9n\u00e9rosit\u00e9, notre programme Don de leadership constitue la base de notre travail courant. Chaque contribution sert \u00e0 changer la vie de milliers de gens dans votre communaut\u00e9 et \u00e0 la rendre d\u2019autant plus solide.<\/span><\/p>\n<p><span style=\"font-weight: 400;\">Nous avons le privil\u00e8ge de reconna\u00eetre 84 donateurs de leadership en 2016 qui ont investi de mani\u00e8re importante dans l\u2019am\u00e9lioration de la qualit\u00e9 de vie des gens partout dans la ville.<\/span><\/p>\n<p><b>C\u2019est facile de devenir Leader.<\/b><\/p>\n<p><span style=\"font-weight: 400;\">Pour commencer, vous choisissez un niveau de Don de leadership parmi les 4 suivants, tous donnent droit \u00e0 une reconnaissance dans notre Rapport annuel\u00a0:<\/span><\/p>\n<ul>\n<li style=\"font-weight: 400;\"><span style=\"font-weight: 400;\">H\u00e9ros de tous les jours 14 $ toutes les deux semaines (don annuel total de 365 $)<\/span><\/li>\n<li style=\"font-weight: 400;\"><span style=\"font-weight: 400;\">Ami &#8211; 25 $ toutes les deux semaines (don annuel total de 650 $)<\/span><\/li>\n<li style=\"font-weight: 400;\"><span style=\"font-weight: 400;\">Leader 47 $ toutes les deux semaines (don annuel total de 1 200 $)<\/span><\/li>\n<li style=\"font-weight: 400;\"><span style=\"font-weight: 400;\">B\u00e2tisseur 77 $ toutes les deux semaines (don annuel total de 2 000 $)<\/span><\/li>\n<li style=\"font-weight: 400;\"><span style=\"font-weight: 400;\">M\u00e9c\u00e8ne 115 $ toutes les deux semaines (don annuel total de 3 000 $)<\/span><\/li>\n<li style=\"font-weight: 400;\"><span style=\"font-weight: 400;\">Bienfaiteur 192 $ toutes les deux semaines (don annuel total de 5 000 $)<\/span><\/li>\n<\/ul>\n<p><span style=\"font-weight: 400;\">Ensuite, choisissez la m\u00e9thode de r\u00e8glement :<\/span><\/p>\n<ul>\n<li style=\"font-weight: 400;\"><span style=\"font-weight: 400;\">Remplissez un formulaire de promesse de don lors de votre campagne d\u2019entreprise de Centraide<\/span><\/li>\n<li style=\"font-weight: 400;\"><a href=\"http:\/\/www.unitedwaycentral.com\/fr\/donner\/\" target=\"_blank\" rel=\"noopener\"><span style=\"font-weight: 400;\">Faites un don en ligne en pr\u00e9cisant votre pr\u00e9f\u00e9rence <\/span><\/a><span style=\"font-weight: 400;\">:<\/span><span style=\"font-weight: 400;\"><br \/>\n<\/span><span style=\"font-weight: 400;\">\u00a0 \u00a0 \u00a0 &#8211; paiement unique par carte de cr\u00e9dit\u00a0<\/span><span style=\"font-weight: 400;\"><br \/>\n<\/span><span style=\"font-weight: 400;\">\u00a0 \u00a0 \u00a0 &#8211; versements pr\u00e9autoris\u00e9s mensuels par carte de cr\u00e9dit<\/span><\/li>\n<li style=\"font-weight: 400;\"><span style=\"font-weight: 400;\">Paiement forfaitaire en esp\u00e8ce ou par ch\u00e8que<\/span><\/li>\n<\/ul>\n<p><span style=\"font-weight: 400;\">Pour de plus amples informations concernant le don de leadership, veuillez communiquer avec Anne Foster\u00a0\u00e0 <a href=\"mailto:anne@unitedwaycentral.com\" target=\"_blank\" rel=\"noopener\">anne@unitedwaycentral.com<\/a>.<\/span><\/p>\n<h2>Dons planifi\u00e9s<\/h2>\n<p><span style=\"font-weight: 400;\">Lorsque vous incluez dans votre testament un don \u00e0 Centraide de la r\u00e9gion du Grand Moncton et du sud-est du Nouveau-Brunswick, c\u2019est un changement durable que vous apportez dans la vie des g\u00e9n\u00e9rations futures.<\/span><\/p>\n<p><span style=\"font-weight: 400;\">Un don planifi\u00e9 est une merveilleuse mani\u00e8re de laisser derri\u00e8re soi un h\u00e9ritage de compassion qui permet non seulement d\u2019aider les enfants et les personnes \u00e2g\u00e9es mais permet \u00e9galement d\u2019apporter un appui aux familles et aux communaut\u00e9s qui les entourent maintenant et \u00e0 l\u2019avenir.<\/span><\/p>\n<p><a href=\"http:\/\/unitedwaycnb.wpengine.com\/endowment-giving\/?lang=fr&amp;lang=fr\" target=\"_blank\" rel=\"noopener\">Le Fonds des possibles\u00a0<\/a><\/p>\n<h2>Testaments et legs<\/h2>\n<p><span style=\"font-weight: 400;\">Un legs testamentaire est simple et clair. En incluant <\/span><b>Centraide <\/b><span style=\"font-weight: 400;\">dans votre testament, vous pouvez laisser un h\u00e9ritage durable pour perp\u00e9tuer votre contribution annuelle traditionnelle en appui \u00e0 la communaut\u00e9. Les choix le plus souvent retenus dans le cas d\u2019un legs sont le don d\u2019un montant particulier en esp\u00e8ce, d\u2019un bien particulier ou d\u2019un pourcentage du patrimoine r\u00e9siduel. Votre succession re\u00e7oit un re\u00e7u de don pour la valeur de votre don permettant un retour de taxes pouvant r\u00e9duire les imp\u00f4ts \u00e0 payer sur la derni\u00e8re d\u00e9claration de revenus.<\/span><\/p>\n<p><a href=\"http:\/\/unitedwaycnb.wpengine.com\/endowment-giving\/?lang=fr&amp;lang=fr\" target=\"_blank\" rel=\"noopener\">Le Fonds des possibles\u00a0<\/a><\/p>\n","protected":false},"excerpt":{"rendered":"Vous \u00eates le point de d\u00e9part dans l\u2019am\u00e9lioration de la qualit\u00e9 de vie des gens et les possibilit\u00e9s de changer des vies sont infinies. C\u2019est sur la g\u00e9n\u00e9rosit\u00e9 des particuliers que Centraide compte pour am\u00e9liorer les communaut\u00e9s dans le centre du Nouveau-Brunswick par le biais du fonds communautaire de Centraide. Contribution mensuelle Aussi petite qu\u2019elle&#8230; <\/p><a class=\"btn btn-brdr-red view-article\" href=\"https:\/\/www.unitedwaycentral.com\/fr\/individual-giftsgiving\/\">Read More<\/a>","protected":false},"author":1,"featured_media":228,"parent":0,"menu_order":0,"comment_status":"closed","ping_status":"closed","template":"","meta":{"_monsterinsights_skip_tracking":false,"_monsterinsights_sitenote_active":false,"_monsterinsights_sitenote_note":"","_monsterinsights_sitenote_category":0,"footnotes":""},"class_list":["post-250","page","type-page","status-publish","has-post-thumbnail","hentry"],"_links":{"self":[{"href":"https:\/\/www.unitedwaycentral.com\/fr\/wp-json\/wp\/v2\/pages\/250","targetHints":{"allow":["GET"]}}],"collection":[{"href":"https:\/\/www.unitedwaycentral.com\/fr\/wp-json\/wp\/v2\/pages"}],"about":[{"href":"https:\/\/www.unitedwaycentral.com\/fr\/wp-json\/wp\/v2\/types\/page"}],"author":[{"embeddable":true,"href":"https:\/\/www.unitedwaycentral.com\/fr\/wp-json\/wp\/v2\/users\/1"}],"replies":[{"embeddable":true,"href":"https:\/\/www.unitedwaycentral.com\/fr\/wp-json\/wp\/v2\/comments?post=250"}],"version-history":[{"count":0,"href":"https:\/\/www.unitedwaycentral.com\/fr\/wp-json\/wp\/v2\/pages\/250\/revisions"}],"wp:featuredmedia":[{"embeddable":true,"href":"https:\/\/www.unitedwaycentral.com\/fr\/wp-json\/wp\/v2\/media\/228"}],"wp:attachment":[{"href":"https:\/\/www.unitedwaycentral.com\/fr\/wp-json\/wp\/v2\/media?parent=250"}],"curies":[{"name":"wp","href":"https:\/\/api.w.org\/{rel}","templated":true}]}}