{"id":2256,"date":"2023-11-10T14:59:20","date_gmt":"2023-11-10T18:59:20","guid":{"rendered":"https:\/\/www.unitedwaycentral.com\/?page_id=2256\/"},"modified":"2023-11-10T15:05:49","modified_gmt":"2023-11-10T19:05:49","slug":"sante-mentale","status":"publish","type":"page","link":"https:\/\/www.unitedwaycentral.com\/fr\/sante-mentale\/","title":{"rendered":"SANT\u00c9 MENTALE"},"content":{"rendered":"<p>&nbsp;<\/p>\n<p><strong>SANT\u00c9 MENTALE\u00a0<\/strong><\/p>\n<p>Ici, \u00e0 Centraide de la r\u00e9gion du centre du Nouveau-Brunswick, nous admettons qu\u2019il n\u2019y a pas qu\u2019une seule solution facile pour all\u00e9ger les probl\u00e8mes de sant\u00e9 mentale, qui touchent un\u00a0Canadien sur deux. C\u2019est pourquoi nous investissons dans de multiples initiatives en sant\u00e9 mentale pour fournir \u00e0 notre communaut\u00e9 une aide globale. Pour combattre les effets n\u00e9gatifs de la maladie mentale dans notre communaut\u00e9, Centraide de la r\u00e9gion du centre du Nouveau-Brunswick finance <a href=\"https:\/\/johnhowardfredericton.ca\/fr\/\">la Ligne d\u2019\u00e9coute CHIMO<\/a>, qui offre des services imm\u00e9diats aux personnes qui vivent une crise de sant\u00e9 mentale. Nous fournissons \u00e9galement une aide financi\u00e8re aux <a href=\"https:\/\/www.familyenrichment.ca\/\">Family Enrichment &amp; Counselling Services<\/a> pour permettre l\u2019offre de services de counseling subventionn\u00e9s pour les adultes et les jeunes de la r\u00e9gion de Fredericton, ainsi qu\u2019\u00e0 la <a href=\"https:\/\/www.crmhaa.ca\/\">Capital Region Mental Health &amp; Addictions Association (CRMHAA)<\/a>, qui propose des services de sensibilisation, de soutien et de d\u00e9fense de la sant\u00e9 mentale.<\/p>\n<p>&nbsp;<\/p>\n<p>Cette aide globale est essentielle pour assurer la viabilit\u00e9 des solutions et des mesures de soutien. Une ligne d\u2019\u00e9coute t\u00e9l\u00e9phonique fournit une aide vitale imm\u00e9diate en cas de crise, mais ne propose aucune technique d\u2019adaptation th\u00e9rapeutique ou de r\u00e9tablissement aux effets durables; c\u2019est l\u00e0 que les services de counseling interviennent. Aucune des deux mesures de soutien indiqu\u00e9es ne serait aussi accept\u00e9e ou utilis\u00e9e sans les efforts indispensables de sensibilisation et de d\u00e9fense des int\u00e9r\u00eats d\u00e9ploy\u00e9s par la CRMHAA. Investir dans le Fonds communautaire de Centraide, c\u2019est investir dans une approche holistique qui s\u2019attaque aux difficult\u00e9s les plus importantes de notre communaut\u00e9.<\/p>\n<p>&nbsp;<\/p>\n<p>\u00c0 propos d\u2019un b\u00e9n\u00e9ficiaire du programme subventionn\u00e9 de counseling pour adultes par les Family Enrichment &amp; Counselling Services\u00a0:<\/p>\n<p>\u00ab\u00a0Un ancien client, qui avait eu acc\u00e8s aux services gr\u00e2ce \u00e0 une subvention pr\u00e9c\u00e9dente de Centraide, avait de nouveau besoin de services pour l\u2019aider \u00e0 composer avec une anxi\u00e9t\u00e9 \u00e9crasante qui l\u2019emp\u00eachait de vivre une vie autonome. Le client est une personne \u00e2g\u00e9e qui touche un revenu fixe. Compte tenu de l\u2019exp\u00e9rience qu\u2019avait d\u00e9j\u00e0 v\u00e9cue cette personne, elle a demand\u00e9 de reprendre le counseling, sachant qu\u2019elle aurait les moyens de payer des services. Le client a r\u00e9ussi \u00e0 surmonter quelques-uns des obstacles auxquels il se heurtait et est en bonne voie de retrouver son autonomie.\u00a0\u00bb<\/p>\n<p>&nbsp;<\/p>\n","protected":false},"excerpt":{"rendered":"&nbsp; SANT\u00c9 MENTALE\u00a0 Ici, \u00e0 Centraide de la r\u00e9gion du centre du Nouveau-Brunswick, nous admettons qu\u2019il n\u2019y a pas qu\u2019une seule solution facile pour all\u00e9ger les probl\u00e8mes de sant\u00e9 mentale, qui touchent un\u00a0Canadien sur deux. C\u2019est pourquoi nous investissons dans de multiples initiatives en sant\u00e9 mentale pour fournir \u00e0 notre communaut\u00e9 une aide globale. Pour&#8230; <\/p><a class=\"btn btn-brdr-red view-article\" href=\"https:\/\/www.unitedwaycentral.com\/fr\/sante-mentale\/\">Read More<\/a>","protected":false},"author":1,"featured_media":0,"parent":0,"menu_order":0,"comment_status":"closed","ping_status":"closed","template":"","meta":{"_monsterinsights_skip_tracking":false,"_monsterinsights_sitenote_active":false,"_monsterinsights_sitenote_note":"","_monsterinsights_sitenote_category":0,"footnotes":""},"class_list":["post-2256","page","type-page","status-publish","hentry"],"_links":{"self":[{"href":"https:\/\/www.unitedwaycentral.com\/fr\/wp-json\/wp\/v2\/pages\/2256","targetHints":{"allow":["GET"]}}],"collection":[{"href":"https:\/\/www.unitedwaycentral.com\/fr\/wp-json\/wp\/v2\/pages"}],"about":[{"href":"https:\/\/www.unitedwaycentral.com\/fr\/wp-json\/wp\/v2\/types\/page"}],"author":[{"embeddable":true,"href":"https:\/\/www.unitedwaycentral.com\/fr\/wp-json\/wp\/v2\/users\/1"}],"replies":[{"embeddable":true,"href":"https:\/\/www.unitedwaycentral.com\/fr\/wp-json\/wp\/v2\/comments?post=2256"}],"version-history":[{"count":0,"href":"https:\/\/www.unitedwaycentral.com\/fr\/wp-json\/wp\/v2\/pages\/2256\/revisions"}],"wp:attachment":[{"href":"https:\/\/www.unitedwaycentral.com\/fr\/wp-json\/wp\/v2\/media?parent=2256"}],"curies":[{"name":"wp","href":"https:\/\/api.w.org\/{rel}","templated":true}]}}