{"id":1501,"date":"2020-11-04T09:56:36","date_gmt":"2020-11-04T13:56:36","guid":{"rendered":"http:\/\/www.unitedwaycentral.com\/211-2\/"},"modified":"2020-11-04T10:03:27","modified_gmt":"2020-11-04T14:03:27","slug":"211-2","status":"publish","type":"page","link":"https:\/\/www.unitedwaycentral.com\/fr\/211-2\/","title":{"rendered":"211"},"content":{"rendered":"<p><img loading=\"lazy\" decoding=\"async\" class=\"aligncenter wp-image-1499\" src=\"http:\/\/www.unitedwaycentral.com\/wp-content\/uploads\/2020\/11\/211_logo-1.png\" alt=\"\" width=\"299\" height=\"181\" srcset=\"https:\/\/www.unitedwaycentral.com\/wp-content\/uploads\/2020\/11\/211_logo-1.png 1411w, https:\/\/www.unitedwaycentral.com\/wp-content\/uploads\/2020\/11\/211_logo-1-768x464.png 768w\" sizes=\"auto, (max-width: 299px) 100vw, 299px\" \/><\/p>\n<p>&nbsp;<\/p>\n<p>&nbsp;<\/p>\n<p><a href=\"https:\/\/211.ca\/fr\/actualites\/le-service-211-offert-partout-au-pays-grace-un-financement-du-gouvernement-du-canada\/\">Financ\u00e9 par le gouvernement du Canada<\/a>\u00a0en partenariat avec le gouvernement du Nouveau-Brunswick, les Centraides du Nouveau-Brunswick et leurs partenaires, le 211 a \u00e9t\u00e9\u00a0<a href=\"https:\/\/www2.gnb.ca\/content\/gnb\/fr\/ministeres\/developpement_social\/nouvelles\/communique.2020.10.0532.html\">lanc\u00e9 en mi-octobre 2020<\/a>. Le 211 est un service d\u2019information et de r\u00e9f\u00e9rence. Le service permet de renseigner les N\u00e9o-Brunswickois rapidement et de les diriger vers les services humains, sociaux, communautaires et gouvernementaux susceptibles de r\u00e9pondre \u00e0 leur situation particuli\u00e8re.<\/p>\n<p>C\u2019est gratuit et confidentiel.<\/p>\n<p>&nbsp;<\/p>\n<p><a href=\"http:\/\/gmsenbunitedway.ca\/wp-content\/uploads\/2020\/11\/pic-1-fr.png\"><img loading=\"lazy\" decoding=\"async\" class=\" wp-image-2570 alignleft\" src=\"http:\/\/gmsenbunitedway.ca\/wp-content\/uploads\/2020\/11\/pic-1-fr.png\" sizes=\"auto, (max-width: 504px) 100vw, 504px\" srcset=\"https:\/\/gmsenbunitedway.ca\/wp-content\/uploads\/2020\/11\/pic-1-fr.png 1430w, https:\/\/gmsenbunitedway.ca\/wp-content\/uploads\/2020\/11\/pic-1-fr-768x409.png 768w\" alt=\"\" width=\"504\" height=\"268\" \/><\/a><\/p>\n<p>&nbsp;<\/p>\n<p>&nbsp;<\/p>\n<p>&nbsp;<\/p>\n<p>&nbsp;<\/p>\n<p>&nbsp;<\/p>\n<p>&nbsp;<\/p>\n<p>&nbsp;<\/p>\n<p>&nbsp;<\/p>\n<p>Une des nombreuses raisons pour lesquelles ce service\u00a0est incroyable\u00a0? Nos t\u00e9l\u00e9phones sont r\u00e9pondus 24 heures sur 24, 7 jours sur 7, 365 jours par an, dans 170 langues gr\u00e2ce \u00e0 des services d\u2019interpr\u00e9tation. Cela permet aux membres de nos communaut\u00e9s de s\u2019exprimer avec le plus de facilit\u00e9 possible.<\/p>\n<p>Une autre raison? Lorsqu\u2019une personne communique avec le 211, elle est en contact avec une personne r\u00e9elle qui posera des questions sur sa situation et sugg\u00e9rera des programmes ou des services qui peuvent aider. Souvent, elle peut \u00eatre enregistr\u00e9e sur place. Cela \u00e9limine le stress d\u2019avoir \u00e0 d\u00e9chiffrer des informations qui changent chaque jour. Cela veut aussi dire que les informations fournies sont plus pertinentes et personnalis\u00e9es.<\/p>\n<p>&nbsp;<\/p>\n<p><strong>Ce que ce n\u2019est pas :<\/strong><\/p>\n<p>Le 211 n\u2019est pas un service de gestion de crise ou de conseil. Nos navigateurs communautaires ne sont pas form\u00e9s pour offrir des conseils. Ce sont des experts des ressources humaines, sociales, communautaires et gouvernementales qui sont disponibles au Nouveau-Brunswick. Ils offrent des r\u00e9f\u00e9rences et des informations sur les services de soutien dans la province.<\/p>\n<p><strong>Exemples de services :<\/strong><strong><br \/>\n<\/strong><\/p>\n<ul>\n<li>Aide financi\u00e8re<\/li>\n<li>Acc\u00e8s \u00e0 la nourriture<\/li>\n<li>Programmes pour les personnes \u00e2g\u00e9es<\/li>\n<li>Aide aux nouveaux arrivants<\/li>\n<li>Ressources en sant\u00e9 mentale<\/li>\n<li>Programmes de secours COVID-19<\/li>\n<li>Pertes d\u2019emploi ou formations<\/li>\n<li>Soutien aux parents<\/li>\n<li>Refuges pour femmes<\/li>\n<\/ul>\n<p>\u2026 et plus.<\/p>\n<p>&nbsp;<\/p>\n<p><a href=\"http:\/\/gmsenbunitedway.ca\/wp-content\/uploads\/2020\/11\/fr-pic2.png\"><img loading=\"lazy\" decoding=\"async\" class=\"wp-image-2568 alignleft\" src=\"http:\/\/gmsenbunitedway.ca\/wp-content\/uploads\/2020\/11\/fr-pic2.png\" sizes=\"auto, (max-width: 496px) 100vw, 496px\" srcset=\"https:\/\/gmsenbunitedway.ca\/wp-content\/uploads\/2020\/11\/fr-pic2.png 1430w, https:\/\/gmsenbunitedway.ca\/wp-content\/uploads\/2020\/11\/fr-pic2-768x409.png 768w\" alt=\"\" width=\"496\" height=\"264\" \/><\/a><\/p>\n<p>&nbsp;<\/p>\n<p>&nbsp;<\/p>\n<p>&nbsp;<\/p>\n<p>&nbsp;<\/p>\n<p>&nbsp;<\/p>\n<p>&nbsp;<\/p>\n<p>&nbsp;<\/p>\n<p><strong>Comment le 211 collabore-t-il avec les services et les organismes sociocommunautaires\u00a0?<\/strong><\/p>\n<p>Le 211 est un service compl\u00e9mentaire au travail acharn\u00e9 que font de nombreuses organismes et services. Cela permet d\u2019all\u00e9ger le fardeau de la recherche et de la navigation, afin que les organismes puissent faire ce qu\u2019ils font le mieux : servir leur communaut\u00e9.<\/p>\n<p>Le 211 est un outil que nous pouvons tous utiliser.<\/p>\n<p>&nbsp;<\/p>\n<p><strong>Comment pouvons-nous acc\u00e9der au service\u00a0?<\/strong><\/p>\n<p>Il faut tout simplement composer le 2-1-1.<\/p>\n<p>S\u2019il y a un probl\u00e8me, vous pouvez \u00e9galement appeler la ligne sans frais\u00a0<strong>1-855-258-4126<\/strong>.<\/p>\n<p>Le 211 constitue la voie d\u2019acc\u00e8s vers les ressources disponibles. Lorsque vous ne savez pas vers qui vous adresser, l\u2019aide commence au 211.<\/p>\n<p>&nbsp;<\/p>\n<p><a href=\"http:\/\/gmsenbunitedway.ca\/wp-content\/uploads\/2020\/11\/canada-pic.png\"><img loading=\"lazy\" decoding=\"async\" class=\" wp-image-2555 alignleft\" src=\"http:\/\/gmsenbunitedway.ca\/wp-content\/uploads\/2020\/11\/canada-pic.png\" alt=\"\" width=\"222\" height=\"53\" \/><\/a><a href=\"http:\/\/gmsenbunitedway.ca\/wp-content\/uploads\/2020\/11\/nb.jpg\"><img loading=\"lazy\" decoding=\"async\" class=\"wp-image-2557 alignleft\" src=\"http:\/\/gmsenbunitedway.ca\/wp-content\/uploads\/2020\/11\/nb.jpg\" alt=\"\" width=\"175\" height=\"78\" \/><\/a><a href=\"http:\/\/gmsenbunitedway.ca\/wp-content\/uploads\/2020\/11\/uw.jpg\"><img loading=\"lazy\" decoding=\"async\" class=\" wp-image-2563 alignleft\" src=\"http:\/\/gmsenbunitedway.ca\/wp-content\/uploads\/2020\/11\/uw.jpg\" alt=\"\" width=\"225\" height=\"77\" \/><\/a>\u00a0\u00a0\u00a0\u00a0\u00a0\u00a0\u00a0\u00a0<a href=\"http:\/\/gmsenbunitedway.ca\/wp-content\/uploads\/2020\/11\/Picture3-211.png\"><img loading=\"lazy\" decoding=\"async\" class=\"wp-image-2561 alignleft\" src=\"http:\/\/gmsenbunitedway.ca\/wp-content\/uploads\/2020\/11\/Picture3-211.png\" alt=\"\" width=\"133\" height=\"80\" \/><\/a><\/p>\n","protected":false},"excerpt":{"rendered":"&nbsp; &nbsp; Financ\u00e9 par le gouvernement du Canada\u00a0en partenariat avec le gouvernement du Nouveau-Brunswick, les Centraides du Nouveau-Brunswick et leurs partenaires, le 211 a \u00e9t\u00e9\u00a0lanc\u00e9 en mi-octobre 2020. Le 211 est un service d\u2019information et de r\u00e9f\u00e9rence. Le service permet de renseigner les N\u00e9o-Brunswickois rapidement et de les diriger vers les services humains, sociaux, communautaires&#8230; <\/p><a class=\"btn btn-brdr-red view-article\" href=\"https:\/\/www.unitedwaycentral.com\/fr\/211-2\/\">Read More<\/a>","protected":false},"author":1,"featured_media":0,"parent":0,"menu_order":0,"comment_status":"closed","ping_status":"closed","template":"","meta":{"_monsterinsights_skip_tracking":false,"_monsterinsights_sitenote_active":false,"_monsterinsights_sitenote_note":"","_monsterinsights_sitenote_category":0,"footnotes":""},"class_list":["post-1501","page","type-page","status-publish","hentry"],"_links":{"self":[{"href":"https:\/\/www.unitedwaycentral.com\/fr\/wp-json\/wp\/v2\/pages\/1501","targetHints":{"allow":["GET"]}}],"collection":[{"href":"https:\/\/www.unitedwaycentral.com\/fr\/wp-json\/wp\/v2\/pages"}],"about":[{"href":"https:\/\/www.unitedwaycentral.com\/fr\/wp-json\/wp\/v2\/types\/page"}],"author":[{"embeddable":true,"href":"https:\/\/www.unitedwaycentral.com\/fr\/wp-json\/wp\/v2\/users\/1"}],"replies":[{"embeddable":true,"href":"https:\/\/www.unitedwaycentral.com\/fr\/wp-json\/wp\/v2\/comments?post=1501"}],"version-history":[{"count":0,"href":"https:\/\/www.unitedwaycentral.com\/fr\/wp-json\/wp\/v2\/pages\/1501\/revisions"}],"wp:attachment":[{"href":"https:\/\/www.unitedwaycentral.com\/fr\/wp-json\/wp\/v2\/media?parent=1501"}],"curies":[{"name":"wp","href":"https:\/\/api.w.org\/{rel}","templated":true}]}}