{"id":1076,"date":"2020-03-23T13:30:23","date_gmt":"2020-03-23T17:30:23","guid":{"rendered":"http:\/\/www.unitedwaycentral.com\/?page_id=1076\/"},"modified":"2020-04-27T22:08:13","modified_gmt":"2020-04-28T02:08:13","slug":"covid-19-pour-les-particuliers","status":"publish","type":"page","link":"https:\/\/www.unitedwaycentral.com\/fr\/covid-19-pour-les-particuliers\/","title":{"rendered":"Covid 19 &#8211; Pour les particuliers"},"content":{"rendered":"<p>Pour les particuliers:<\/p>\n<p><a href=\"https:\/\/www.nbjobs.ca\/sites\/default\/files\/quick_reference_guide_covid-19_supports_fr.pdf\">GUIDE DE R\u00c9F\u00c9RENCE RAPIDE &#8211; SOUTIEN AUX TRAVAILLEURS ET \u00c9TUDIANTS DU NOUVEAU-BRUNSWICK TOUCH\u00c9S<\/a><br \/>\nPAR LA COVID-19<\/p>\n<p><a href=\"https:\/\/www2.gnb.ca\/content\/dam\/gnb\/Departments\/petl-epft\/PDF\/SFS\/emergency_bridging_fund-f.pdf\">Le Fonds provisoire d\u2019urgence \u00e0 l\u2019intention des \u00e9tudiants de niveau postsecondaire vuln\u00e9rables<\/a><\/p>\n<p>VEUILLEZ NOTER SI VOUS AVEZ DES BESOINS IMM\u00c9DIATS, VEUILLEZ CONTACTER LE D\u00c9VELOPPEMENT SOCIAL SI VOUS PENSEZ VOUS QUALIFIER OU NON ET ILS PEUVENT AIDER AVEC LES BESOINS INDIVIDUELS IMM\u00c9DIATS:<\/p>\n<p>Comptes et paiements de l&rsquo;Agence du revenu du Canada (particuliers); 1-800-959-8281 (e); 1-800-959-7383 (f).<\/p>\n<p>Prestation pour enfants et cr\u00e9dit pour TPS; 1-800-387-1193 (e); 1-800-387-1194 (f).<\/p>\n<p>Assurance-emploi: Pour demander des prestations d&rsquo;AE, visitez leur site Web. Apr\u00e8s cela, les particuliers peuvent demander la lev\u00e9e de la p\u00e9riode d&rsquo;attente d&rsquo;une semaine en appelant le num\u00e9ro sans frais du gouvernement au 1-833-381-2725, ou le t\u00e9l\u00e9imprimeur au 1-800-529-3742.<\/p>\n<p>Prestation de soins d&rsquo;urgence et prestation de soutien d&rsquo;urgence: Les deux r\u00e9gimes d&rsquo;avantages sociaux seront ouverts pour applicaiton en avril sur le site Web de l&rsquo;Agence du revenu du Canada.<\/p>\n<p id=\"tw-target-text\" class=\"tw-data-text tw-text-large tw-ta\" data-placeholder=\"Translation\"><strong><span lang=\"fr\">Autres Soutiens Communautaires:<\/span><\/strong><\/p>\n<p data-placeholder=\"Translation\"><a href=\"http:\/\/www.unitedwaycentral.com\/fr\/ressources-alimentaires-et-repas\/\">Ressources Alimentaires et Repas<\/a><\/p>\n<p data-placeholder=\"Translation\"><a href=\"https:\/\/www.unitedwaycentral.com\/fr\/informations-sur-les-tests-mobiles-covid-19\/\">Informations sur les tests mobiles Covid-19<\/a><\/p>\n<p data-placeholder=\"Translation\"><a href=\"http:\/\/www.chimohelpline.ca\/\">CHIMO (1800-667-5005)<\/a><\/p>\n<p data-placeholder=\"Translation\">\n","protected":false},"excerpt":{"rendered":"Pour les particuliers: GUIDE DE R\u00c9F\u00c9RENCE RAPIDE &#8211; SOUTIEN AUX TRAVAILLEURS ET \u00c9TUDIANTS DU NOUVEAU-BRUNSWICK TOUCH\u00c9S PAR LA COVID-19 Le Fonds provisoire d\u2019urgence \u00e0 l\u2019intention des \u00e9tudiants de niveau postsecondaire vuln\u00e9rables VEUILLEZ NOTER SI VOUS AVEZ DES BESOINS IMM\u00c9DIATS, VEUILLEZ CONTACTER LE D\u00c9VELOPPEMENT SOCIAL SI VOUS PENSEZ VOUS QUALIFIER OU NON ET ILS PEUVENT AIDER&#8230; <\/p><a class=\"btn btn-brdr-red view-article\" href=\"https:\/\/www.unitedwaycentral.com\/fr\/covid-19-pour-les-particuliers\/\">Read More<\/a>","protected":false},"author":1,"featured_media":0,"parent":0,"menu_order":0,"comment_status":"closed","ping_status":"closed","template":"","meta":{"_monsterinsights_skip_tracking":false,"_monsterinsights_sitenote_active":false,"_monsterinsights_sitenote_note":"","_monsterinsights_sitenote_category":0,"footnotes":""},"class_list":["post-1076","page","type-page","status-publish","hentry"],"_links":{"self":[{"href":"https:\/\/www.unitedwaycentral.com\/fr\/wp-json\/wp\/v2\/pages\/1076","targetHints":{"allow":["GET"]}}],"collection":[{"href":"https:\/\/www.unitedwaycentral.com\/fr\/wp-json\/wp\/v2\/pages"}],"about":[{"href":"https:\/\/www.unitedwaycentral.com\/fr\/wp-json\/wp\/v2\/types\/page"}],"author":[{"embeddable":true,"href":"https:\/\/www.unitedwaycentral.com\/fr\/wp-json\/wp\/v2\/users\/1"}],"replies":[{"embeddable":true,"href":"https:\/\/www.unitedwaycentral.com\/fr\/wp-json\/wp\/v2\/comments?post=1076"}],"version-history":[{"count":0,"href":"https:\/\/www.unitedwaycentral.com\/fr\/wp-json\/wp\/v2\/pages\/1076\/revisions"}],"wp:attachment":[{"href":"https:\/\/www.unitedwaycentral.com\/fr\/wp-json\/wp\/v2\/media?parent=1076"}],"curies":[{"name":"wp","href":"https:\/\/api.w.org\/{rel}","templated":true}]}}