{"id":1059,"date":"2020-03-20T11:17:14","date_gmt":"2020-03-20T15:17:14","guid":{"rendered":"http:\/\/www.unitedwaycentral.com\/covid-19-resources-for-individuals-and-businesses\/"},"modified":"2020-05-15T11:20:44","modified_gmt":"2020-05-15T15:20:44","slug":"covid-19-resources-for-individuals-and-businesses","status":"publish","type":"page","link":"https:\/\/www.unitedwaycentral.com\/fr\/covid-19-resources-for-individuals-and-businesses\/","title":{"rendered":"Covid 19 &#8211; Pour les agences"},"content":{"rendered":"<p>Centraide de la R\u00e9gion du Centre du Nouveau-Brunswick a adopt\u00e9 une approche progressive pour d\u00e9caisser les dons re\u00e7us par le biais du Fonds de la compassion de l\u2019Atlantique.<\/p>\n<p>Le niveau 1 \u00e9tait ax\u00e9 sur la satisfaction des besoins les plus pressants des plus marginalis\u00e9s (tels que d\u00e9termin\u00e9s par les prestataires de services) et le soutien des efforts pour r\u00e9pondre aux besoins imm\u00e9diats et fondamentaux. Au fur et \u00e0 mesure que les conditions et les restrictions li\u00e9es \u00e0 la pand\u00e9mie de COVID-19 se sont poursuivies et ont \u00e9volu\u00e9, des besoins diff\u00e9rents et \/ ou nuanc\u00e9s sont apparus qui n\u00e9cessitent un soutien men\u00e9 par la communaut\u00e9.<\/p>\n<h3><strong>Les demandes de fonds de niveau 2<\/strong><\/h3>\n<p><strong>Les demandes de fonds de niveau 2 sont maintenant accessibles aux organismes de bienfaisance enregistr\u00e9s au service des membres du R\u00e9gion du Centre du Nouveau-Brunswick (ceci inclus les compt\u00e9s de Carleton, Madawaska, Northumberland, Queens, Restigouche, Sunbury, Victoria, York<\/strong>) en fonction des domaines d&rsquo;int\u00e9r\u00eat suivants : \u00b7 Besoins imm\u00e9diats \/ fondamentaux \u00b7 Soutiens sociaux et de sant\u00e9 mentale et de lutte contre les d\u00e9pendances \u00b7 \u00c9quipement de protection \/ v\u00eatements et fournitures de nettoyage \u00b7 Co\u00fbts de programmation adapt\u00e9s et virtuels \u00b7 Besoins sp\u00e9cifiques de la population.<\/p>\n<p>Pour une description plus d\u00e9taill\u00e9e des domaines d\u2019intervention, voir le pdf ci-joint &gt;&gt; <strong><a href=\"http:\/\/www.unitedwaycentral.com\/wp-content\/uploads\/2020\/05\/Description-of-Focus-Areas-Tier-2-FR.pdf\">Description of Focus Areas Tier 2 FR<\/a><\/strong><\/p>\n<p><b>VEUILLEZ NOTER QUE LA DATE LIMITE A \u00c9T\u00c9 REPORT\u00c9E AU 15 MAI. DE NOUVEAUX FONDS SERONT DISPONIBLES ET DES RENSEIGNEMENTS SUPPL\u00c9MENTAIRES SONT \u00c0 VENIR.<\/b><\/p>\n<p>Si vous avez des questions au sujet de cette demande, veuillez communiquer avec\u00a0:<br \/>\nRoxana Atkinson : (506) 459-7773 ext. 204 | roxana@unitedwaycentral.com<\/p>\n<p>&nbsp;<\/p>\n<p>&nbsp;<\/p>\n<p>&nbsp;<\/p>\n<p>&nbsp;<\/p>\n<p>&nbsp;<\/p>\n<p>&nbsp;<\/p>\n","protected":false},"excerpt":{"rendered":"Centraide de la R\u00e9gion du Centre du Nouveau-Brunswick a adopt\u00e9 une approche progressive pour d\u00e9caisser les dons re\u00e7us par le biais du Fonds de la compassion de l\u2019Atlantique. Le niveau 1 \u00e9tait ax\u00e9 sur la satisfaction des besoins les plus pressants des plus marginalis\u00e9s (tels que d\u00e9termin\u00e9s par les prestataires de services) et le soutien&#8230; <\/p><a class=\"btn btn-brdr-red view-article\" href=\"https:\/\/www.unitedwaycentral.com\/fr\/covid-19-resources-for-individuals-and-businesses\/\">Read More<\/a>","protected":false},"author":1,"featured_media":0,"parent":0,"menu_order":0,"comment_status":"closed","ping_status":"closed","template":"","meta":{"_monsterinsights_skip_tracking":false,"_monsterinsights_sitenote_active":false,"_monsterinsights_sitenote_note":"","_monsterinsights_sitenote_category":0,"footnotes":""},"class_list":["post-1059","page","type-page","status-publish","hentry"],"_links":{"self":[{"href":"https:\/\/www.unitedwaycentral.com\/fr\/wp-json\/wp\/v2\/pages\/1059","targetHints":{"allow":["GET"]}}],"collection":[{"href":"https:\/\/www.unitedwaycentral.com\/fr\/wp-json\/wp\/v2\/pages"}],"about":[{"href":"https:\/\/www.unitedwaycentral.com\/fr\/wp-json\/wp\/v2\/types\/page"}],"author":[{"embeddable":true,"href":"https:\/\/www.unitedwaycentral.com\/fr\/wp-json\/wp\/v2\/users\/1"}],"replies":[{"embeddable":true,"href":"https:\/\/www.unitedwaycentral.com\/fr\/wp-json\/wp\/v2\/comments?post=1059"}],"version-history":[{"count":0,"href":"https:\/\/www.unitedwaycentral.com\/fr\/wp-json\/wp\/v2\/pages\/1059\/revisions"}],"wp:attachment":[{"href":"https:\/\/www.unitedwaycentral.com\/fr\/wp-json\/wp\/v2\/media?parent=1059"}],"curies":[{"name":"wp","href":"https:\/\/api.w.org\/{rel}","templated":true}]}}